{"id":3,"date":"2024-03-20T11:20:04","date_gmt":"2024-03-20T15:20:04","guid":{"rendered":"https:\/\/fcmindustriescanada.com\/?page_id=3"},"modified":"2024-09-12T19:43:46","modified_gmt":"2024-09-12T23:43:46","slug":"politique-de-confidentialite","status":"publish","type":"page","link":"https:\/\/fcmindustriescanada.com\/en\/politique-de-confidentialite\/","title":{"rendered":"Privacy policy"},"content":{"rendered":"<h1 class=\"wp-block-heading\"><strong>Privacy policy<\/strong><\/h1>\n\n\n\n<p>Faced with the development of new communication tools, it is necessary to pay particular attention to the protection of privacy. This is why we are committed to respecting the confidentiality of the personal information we collect.<\/p>\n\n\n\n<h2 class=\"wp-block-heading\">Collection of personal information<\/h2>\n\n\n\n<p>We collect the following information :<br>Name \/ First name \/ Postal address \/ Postal code \/ Email address \/ Telephone number \/ Gender (Sex)<br>The personal information we collect is collected through forms and through the interactivity established between you and our website. We also use, as indicated in the following section, cookies and\/or log files to gather information about you.<br>Forms and interactivity:<br>Your personal information is collected via forms, namely:<br>Order form \/ Opinion survey \/ Contests<br>We use the information thus collected for the following purposes: Order tracking \/ Information \/ Promotional offers \/ Contact<br>Your information is also collected through the interactivity that may be established between you and our website, as follows: Contact<br>We use the information thus collected for the following purposes: Comments\/Information or for promotional offers<\/p>\n\n\n\n<h2 class=\"wp-block-heading\">Right of opposition and withdrawal<\/h2>\n\n\n\n<p>We are committed to offering you the right to object and withdraw your personal information.<br>The right to object is understood as the possibility offered to Internet users to refuse that their personal information be used for certain purposes mentioned during collection.<br>The right of withdrawal is understood as the possibility offered to Internet users to request that their personal information no longer appear, for example, in a mailing list.<br>To exercise these rights, you can contact us:<br>Mail : C. P. 28, Saint-Lambert-de-Lauzon G0S 2W0<br>Email : info@fcmindustriescanada.com<br>Telephone : 418-948-2779<\/p>\n\n\n\n<h2 class=\"wp-block-heading\">Permission to access<\/h2>\n\n\n\n<p>We undertake to recognize a right of access and rectification to data subjects wishing to consult, modify or even delete information concerning them.<br>The exercise of this right will be done by:<br>Mail : C. P. 28, Saint-Lambert-de-Lauzon G0S 2W0<br>Email : info@fcmindustriescanada.com<br>Telephone : 418-948-2779<\/p>\n\n\n\n<h2 class=\"wp-block-heading\">Embedded content from other websites<\/h2>\n\n\n\n<p>Articles on this site may include embedded content (e.g. videos, images, articles, etc.). Content embedded from other sites behaves the same as if the visitor went to that other site.<\/p>\n\n\n\n<p>These websites may collect data about you, use cookies, install third-party tracking tools, or track your interactions with these embedded content if you have an account and are logged in to their website.<\/p>","protected":false},"excerpt":{"rendered":"<p>Politique de confidentialit\u00e9 Devant le d\u00e9veloppement des nouveaux outils de communication, il est n\u00e9cessaire de porter une attention particuli\u00e8re \u00e0 la protection de la vie priv\u00e9e. C&rsquo;est pourquoi, nous nous engageons \u00e0 respecter la confidentialit\u00e9 des renseignements personnels que nous collectons. Collecte des renseignements personnels Nous collectons les renseignements suivants :Nom \/Pr\u00e9nom \/Adresse postale \/Code [&hellip;]<\/p>","protected":false},"author":2,"featured_media":0,"parent":0,"menu_order":0,"comment_status":"closed","ping_status":"open","template":"","meta":{"ocean_post_layout":"","ocean_both_sidebars_style":"","ocean_both_sidebars_content_width":0,"ocean_both_sidebars_sidebars_width":0,"ocean_sidebar":"","ocean_second_sidebar":"","ocean_disable_margins":"enable","ocean_add_body_class":"","ocean_shortcode_before_top_bar":"","ocean_shortcode_after_top_bar":"","ocean_shortcode_before_header":"","ocean_shortcode_after_header":"","ocean_has_shortcode":"","ocean_shortcode_after_title":"","ocean_shortcode_before_footer_widgets":"","ocean_shortcode_after_footer_widgets":"","ocean_shortcode_before_footer_bottom":"","ocean_shortcode_after_footer_bottom":"","ocean_display_top_bar":"default","ocean_display_header":"default","ocean_header_style":"","ocean_center_header_left_menu":"","ocean_custom_header_template":"","ocean_custom_logo":0,"ocean_custom_retina_logo":0,"ocean_custom_logo_max_width":0,"ocean_custom_logo_tablet_max_width":0,"ocean_custom_logo_mobile_max_width":0,"ocean_custom_logo_max_height":0,"ocean_custom_logo_tablet_max_height":0,"ocean_custom_logo_mobile_max_height":0,"ocean_header_custom_menu":"","ocean_menu_typo_font_family":"","ocean_menu_typo_font_subset":"","ocean_menu_typo_font_size":0,"ocean_menu_typo_font_size_tablet":0,"ocean_menu_typo_font_size_mobile":0,"ocean_menu_typo_font_size_unit":"px","ocean_menu_typo_font_weight":"","ocean_menu_typo_font_weight_tablet":"","ocean_menu_typo_font_weight_mobile":"","ocean_menu_typo_transform":"","ocean_menu_typo_transform_tablet":"","ocean_menu_typo_transform_mobile":"","ocean_menu_typo_line_height":0,"ocean_menu_typo_line_height_tablet":0,"ocean_menu_typo_line_height_mobile":0,"ocean_menu_typo_line_height_unit":"","ocean_menu_typo_spacing":0,"ocean_menu_typo_spacing_tablet":0,"ocean_menu_typo_spacing_mobile":0,"ocean_menu_typo_spacing_unit":"","ocean_menu_link_color":"","ocean_menu_link_color_hover":"","ocean_menu_link_color_active":"","ocean_menu_link_background":"","ocean_menu_link_hover_background":"","ocean_menu_link_active_background":"","ocean_menu_social_links_bg":"","ocean_menu_social_hover_links_bg":"","ocean_menu_social_links_color":"","ocean_menu_social_hover_links_color":"","ocean_disable_title":"default","ocean_disable_heading":"default","ocean_post_title":"","ocean_post_subheading":"","ocean_post_title_style":"","ocean_post_title_background_color":"","ocean_post_title_background":0,"ocean_post_title_bg_image_position":"","ocean_post_title_bg_image_attachment":"","ocean_post_title_bg_image_repeat":"","ocean_post_title_bg_image_size":"","ocean_post_title_height":0,"ocean_post_title_bg_overlay":0.5,"ocean_post_title_bg_overlay_color":"","ocean_disable_breadcrumbs":"default","ocean_breadcrumbs_color":"","ocean_breadcrumbs_separator_color":"","ocean_breadcrumbs_links_color":"","ocean_breadcrumbs_links_hover_color":"","ocean_display_footer_widgets":"default","ocean_display_footer_bottom":"default","ocean_custom_footer_template":"","footnotes":""},"_links":{"self":[{"href":"https:\/\/fcmindustriescanada.com\/en\/wp-json\/wp\/v2\/pages\/3"}],"collection":[{"href":"https:\/\/fcmindustriescanada.com\/en\/wp-json\/wp\/v2\/pages"}],"about":[{"href":"https:\/\/fcmindustriescanada.com\/en\/wp-json\/wp\/v2\/types\/page"}],"author":[{"embeddable":true,"href":"https:\/\/fcmindustriescanada.com\/en\/wp-json\/wp\/v2\/users\/2"}],"replies":[{"embeddable":true,"href":"https:\/\/fcmindustriescanada.com\/en\/wp-json\/wp\/v2\/comments?post=3"}],"version-history":[{"count":6,"href":"https:\/\/fcmindustriescanada.com\/en\/wp-json\/wp\/v2\/pages\/3\/revisions"}],"predecessor-version":[{"id":972,"href":"https:\/\/fcmindustriescanada.com\/en\/wp-json\/wp\/v2\/pages\/3\/revisions\/972"}],"wp:attachment":[{"href":"https:\/\/fcmindustriescanada.com\/en\/wp-json\/wp\/v2\/media?parent=3"}],"curies":[{"name":"wp","href":"https:\/\/api.w.org\/{rel}","templated":true}]}}