{"id":587,"date":"2024-03-20T16:43:43","date_gmt":"2024-03-20T20:43:43","guid":{"rendered":"https:\/\/fcmindustriescanada.com\/?post_type=product&#038;p=587"},"modified":"2024-09-12T19:42:49","modified_gmt":"2024-09-12T23:42:49","slug":"mini-excavatrice-remorquable-orbit-1200","status":"publish","type":"product","link":"https:\/\/fcmindustriescanada.com\/en\/product\/mini-excavatrice-remorquable-orbit-1200\/","title":{"rendered":"ORBIT 1200 <span class=\"prodttlspan\">Towable mini excavator<\/span>"},"content":{"rendered":"<h3><span style=\"color: #000000;\">This robust, powerful and very stable machine performs a continuous rotation in 360 degrees making it the perfect tool for big jobs.<\/span><\/h3>\n<div class=\"row\">\n<div class=\"col-sm-8\">\n<div class=\"tab-content\">\n<div id=\"tab-description\" class=\"tab-pane active\">\n<div id=\"fiche_sommaire\">\n<p><strong>FEATURES<\/strong><\/p>\n<ul>\n<li>Robust, powerful and very stable<\/li>\n<li>Great work capacity<\/li>\n<li>360 degrees continuous rotation<\/li>\n<li>Superior quality components<\/li>\n<li>Towable by an ATV, tractor or car<\/li>\n<li>Can work attached or detached from the tow vehicle<\/li>\n<\/ul>\n<\/div>\n<div id=\"fiche_spec\">\n<p>&nbsp;<\/p>\n<p><strong>SPECIFICATIONS<\/strong><\/p>\n<ul>\n<li>Engine: Honda 6.5 HP<\/li>\n<li>Transport width: 47 in<\/li>\n<li>Weight: 1200 pounds<\/li>\n<li>Digging depth: 90 in<\/li>\n<li>Bucket width: 14 in<\/li>\n<li>Working capacities: bucket 1000 pounds \/Torn force 3000 pounds<\/li>\n<\/ul>\n<p>&nbsp;<\/p>\n<p><strong>*<span style=\"color: #ec3642;\">Prehensible gripper isn't included with basic model<\/span><\/strong><\/p>\n<ul>\n<li>Brand: FCM<\/li>\n<li>Model: Towable<\/li>\n<li>Availability: Pre-Order<\/li>\n<\/ul>\n<\/div>\n<\/div>\n<\/div>\n<\/div>\n<\/div>\n<div>\n<p>&nbsp;<\/p>\n<p><span style=\"color: #ec3642;\"><strong>Additionnal shipping fees<\/strong><\/span><\/p>\n<p><strong>See our\u00a0<span style=\"color: #ff0000;\"><a style=\"color: #ff0000;\" href=\"https:\/\/fcmindustriescanada.com\/en\/logistique-de-livraison-fcm\/\">FCM delivery logistics<\/a><\/span><\/strong><\/p>\n<p><img decoding=\"async\" class=\"aligncenter size-large wp-image-871\" src=\"https:\/\/fcmindustriescanada.com\/wp-content\/uploads\/2024\/04\/Transport-livraison.jpg\" alt=\"\" width=\"100%\" height=\"auto\" srcset=\"https:\/\/fcmindustriescanada.com\/wp-content\/uploads\/2024\/04\/Transport-livraison.jpg 1024w, https:\/\/fcmindustriescanada.com\/wp-content\/uploads\/2024\/04\/Transport-livraison-600x304.jpg 600w, https:\/\/fcmindustriescanada.com\/wp-content\/uploads\/2024\/04\/Transport-livraison-768x389.jpg 768w, https:\/\/fcmindustriescanada.com\/wp-content\/uploads\/2024\/04\/Transport-livraison-18x9.jpg 18w\" sizes=\"(max-width: 1024px) 100vw, 1024px\" \/><\/p>\n<\/div>","protected":false},"excerpt":{"rendered":"<p>Cette mini excavatrice remorquable est un outil robuste, puissant et tr\u00e8s stable qui effectue une rotation en continue sur 360 degr\u00e9s. CARACT\u00c9RISTIQUES Robuste, puissant et tr\u00e8s stable Grande capacit\u00e9 de travail Rotation continue sur 360 degr\u00e9s Composantes de qualit\u00e9 sup\u00e9rieure Remorquable avec VTT, tracteur ou voiture Peut travailler attach\u00e9 ou d\u00e9tach\u00e9 du v\u00e9hicule de remorquage [&hellip;]<\/p>","protected":false},"featured_media":588,"comment_status":"closed","ping_status":"closed","template":"","meta":{"ocean_post_layout":"full-width","ocean_both_sidebars_style":"","ocean_both_sidebars_content_width":0,"ocean_both_sidebars_sidebars_width":0,"ocean_sidebar":"0","ocean_second_sidebar":"0","ocean_disable_margins":"enable","ocean_add_body_class":"","ocean_shortcode_before_top_bar":"","ocean_shortcode_after_top_bar":"","ocean_shortcode_before_header":"","ocean_shortcode_after_header":"","ocean_has_shortcode":"","ocean_shortcode_after_title":"","ocean_shortcode_before_footer_widgets":"","ocean_shortcode_after_footer_widgets":"","ocean_shortcode_before_footer_bottom":"","ocean_shortcode_after_footer_bottom":"","ocean_display_top_bar":"default","ocean_display_header":"default","ocean_header_style":"","ocean_center_header_left_menu":"0","ocean_custom_header_template":"0","ocean_custom_logo":0,"ocean_custom_retina_logo":0,"ocean_custom_logo_max_width":0,"ocean_custom_logo_tablet_max_width":0,"ocean_custom_logo_mobile_max_width":0,"ocean_custom_logo_max_height":0,"ocean_custom_logo_tablet_max_height":0,"ocean_custom_logo_mobile_max_height":0,"ocean_header_custom_menu":"0","ocean_menu_typo_font_family":"0","ocean_menu_typo_font_subset":"","ocean_menu_typo_font_size":0,"ocean_menu_typo_font_size_tablet":0,"ocean_menu_typo_font_size_mobile":0,"ocean_menu_typo_font_size_unit":"px","ocean_menu_typo_font_weight":"","ocean_menu_typo_font_weight_tablet":"","ocean_menu_typo_font_weight_mobile":"","ocean_menu_typo_transform":"","ocean_menu_typo_transform_tablet":"","ocean_menu_typo_transform_mobile":"","ocean_menu_typo_line_height":0,"ocean_menu_typo_line_height_tablet":0,"ocean_menu_typo_line_height_mobile":0,"ocean_menu_typo_line_height_unit":"","ocean_menu_typo_spacing":0,"ocean_menu_typo_spacing_tablet":0,"ocean_menu_typo_spacing_mobile":0,"ocean_menu_typo_spacing_unit":"","ocean_menu_link_color":"","ocean_menu_link_color_hover":"","ocean_menu_link_color_active":"","ocean_menu_link_background":"","ocean_menu_link_hover_background":"","ocean_menu_link_active_background":"","ocean_menu_social_links_bg":"","ocean_menu_social_hover_links_bg":"","ocean_menu_social_links_color":"","ocean_menu_social_hover_links_color":"","ocean_disable_title":"default","ocean_disable_heading":"default","ocean_post_title":"","ocean_post_subheading":"","ocean_post_title_style":"","ocean_post_title_background_color":"","ocean_post_title_background":0,"ocean_post_title_bg_image_position":"","ocean_post_title_bg_image_attachment":"","ocean_post_title_bg_image_repeat":"","ocean_post_title_bg_image_size":"","ocean_post_title_height":0,"ocean_post_title_bg_overlay":0.5,"ocean_post_title_bg_overlay_color":"","ocean_disable_breadcrumbs":"default","ocean_breadcrumbs_color":"","ocean_breadcrumbs_separator_color":"","ocean_breadcrumbs_links_color":"","ocean_breadcrumbs_links_hover_color":"","ocean_display_footer_widgets":"default","ocean_display_footer_bottom":"default","ocean_custom_footer_template":"0"},"product_cat":[23],"product_tag":[27,28,29],"_links":{"self":[{"href":"https:\/\/fcmindustriescanada.com\/en\/wp-json\/wp\/v2\/product\/587"}],"collection":[{"href":"https:\/\/fcmindustriescanada.com\/en\/wp-json\/wp\/v2\/product"}],"about":[{"href":"https:\/\/fcmindustriescanada.com\/en\/wp-json\/wp\/v2\/types\/product"}],"replies":[{"embeddable":true,"href":"https:\/\/fcmindustriescanada.com\/en\/wp-json\/wp\/v2\/comments?post=587"}],"wp:featuredmedia":[{"embeddable":true,"href":"https:\/\/fcmindustriescanada.com\/en\/wp-json\/wp\/v2\/media\/588"}],"wp:attachment":[{"href":"https:\/\/fcmindustriescanada.com\/en\/wp-json\/wp\/v2\/media?parent=587"}],"wp:term":[{"taxonomy":"product_cat","embeddable":true,"href":"https:\/\/fcmindustriescanada.com\/en\/wp-json\/wp\/v2\/product_cat?post=587"},{"taxonomy":"product_tag","embeddable":true,"href":"https:\/\/fcmindustriescanada.com\/en\/wp-json\/wp\/v2\/product_tag?post=587"}],"curies":[{"name":"wp","href":"https:\/\/api.w.org\/{rel}","templated":true}]}}