{"id":757,"date":"2024-03-30T17:06:48","date_gmt":"2024-03-30T21:06:48","guid":{"rendered":"https:\/\/fcmindustriescanada.com\/?post_type=product&#038;p=757"},"modified":"2024-09-12T19:39:10","modified_gmt":"2024-09-12T23:39:10","slug":"fendeuse-a-bois-double-action","status":"publish","type":"product","link":"https:\/\/fcmindustriescanada.com\/en\/product\/fendeuse-a-bois-double-action\/","title":{"rendered":"DOUBLE-ACTION LOG SPLITTER <span class=\"prodttlspan\">Log splitter<\/span>"},"content":{"rendered":"<h3><strong>The ideal tool for splitting wood quickly and safely.<\/strong><\/h3>\n<p><strong>New option of hydraulic loading table<\/strong><\/p>\n<div class=\"row\">\n<div class=\"col-sm-8\">\n<div class=\"tab-content\">\n<div id=\"tab-description\" class=\"tab-pane active\">\n<div id=\"fiche_sommaire\">\n<p><strong>FEATURES<\/strong><\/p>\n<\/div>\n<div id=\"fiche_spec\">\n<ul>\n<li>Double action (2 ways)<\/li>\n<li>Proven concept<\/li>\n<li>Robust construction<\/li>\n<li>Ideal for rental centres<\/li>\n<li>Honda GX200 engine<\/li>\n<li>Protector for motor and LED Lights<\/li>\n<li>Wheels wings included<\/li>\n<li>Towable<\/li>\n<li>Handle adjustable 1 7\/8 to 2 inches<\/li>\n<li>Safety chains<\/li>\n<li>Drain for oil change<\/li>\n<\/ul>\n<p>&nbsp;<\/p>\n<p><strong>SPECIFICATIONS<\/strong><\/p>\n<ul>\n<li>Honda 6.5HP engine<\/li>\n<li>Cycle time: 10 sec<\/li>\n<li>Pump:2 courses<\/li>\n<li>Oil tank: 15 L<\/li>\n<li>Course: 24 in<\/li>\n<li>Cylindre: 3.5 inX 24 in<\/li>\n<li>Maximum working potential: 22 tons<\/li>\n<li>Weight: 500 pounds<\/li>\n<\/ul>\n<p>&nbsp;<\/p>\n<\/div>\n<\/div>\n<div id=\"tab-description\" class=\"tab-pane active\">\n<div id=\"fiche_spec\">\n<ul>\n<li>Brand: FCM<\/li>\n<li>Model: Log splitter\/Towable<\/li>\n<li>Availability: Pre-Order<\/li>\n<\/ul>\n<\/div>\n<\/div>\n<\/div>\n<\/div>\n<\/div>\n<div>\n<p>&nbsp;<\/p>\n<p><span style=\"color: #ec3642;\"><strong>Additionnal shipping fees<\/strong><\/span><\/p>\n<p><strong>See our\u00a0<span style=\"color: #ff0000;\"><a style=\"color: #ff0000;\" href=\"https:\/\/fcmindustriescanada.com\/en\/logistique-de-livraison-fcm\/\">FCM delivery logistics<\/a><\/span><\/strong><\/p>\n<p><img decoding=\"async\" class=\"aligncenter size-large wp-image-871\" src=\"https:\/\/fcmindustriescanada.com\/wp-content\/uploads\/2024\/04\/Transport-livraison.jpg\" alt=\"\" width=\"100%\" height=\"auto\" srcset=\"https:\/\/fcmindustriescanada.com\/wp-content\/uploads\/2024\/04\/Transport-livraison.jpg 1024w, https:\/\/fcmindustriescanada.com\/wp-content\/uploads\/2024\/04\/Transport-livraison-600x304.jpg 600w, https:\/\/fcmindustriescanada.com\/wp-content\/uploads\/2024\/04\/Transport-livraison-768x389.jpg 768w, https:\/\/fcmindustriescanada.com\/wp-content\/uploads\/2024\/04\/Transport-livraison-18x9.jpg 18w\" sizes=\"(max-width: 1024px) 100vw, 1024px\" \/><\/p>\n<\/div>","protected":false},"excerpt":{"rendered":"<p>L&rsquo;outil id\u00e9al pour fendre le bois de fa\u00e7on\u00a0rapide et s\u00e9curitaire. Nouvelle option de tablette hydraulique CARACT\u00c9RISTIQUES Double-action Concept \u00e9prouv\u00e9 Construction robuste Id\u00e9ale pour les centres de location Moteur Honda GX200 Protecteur de moteur et de lumi\u00e8res DEL Ailes de roues incluses Remorquable Main ajustable 1 7\/8 \u00e0 2 po Cha\u00eenes de s\u00e9curit\u00e9 Drain pour vidange [&hellip;]<\/p>","protected":false},"featured_media":884,"comment_status":"closed","ping_status":"closed","template":"","meta":{"ocean_post_layout":"full-width","ocean_both_sidebars_style":"","ocean_both_sidebars_content_width":0,"ocean_both_sidebars_sidebars_width":0,"ocean_sidebar":"0","ocean_second_sidebar":"0","ocean_disable_margins":"enable","ocean_add_body_class":"","ocean_shortcode_before_top_bar":"","ocean_shortcode_after_top_bar":"","ocean_shortcode_before_header":"","ocean_shortcode_after_header":"","ocean_has_shortcode":"","ocean_shortcode_after_title":"","ocean_shortcode_before_footer_widgets":"","ocean_shortcode_after_footer_widgets":"","ocean_shortcode_before_footer_bottom":"","ocean_shortcode_after_footer_bottom":"","ocean_display_top_bar":"default","ocean_display_header":"default","ocean_header_style":"","ocean_center_header_left_menu":"0","ocean_custom_header_template":"0","ocean_custom_logo":0,"ocean_custom_retina_logo":0,"ocean_custom_logo_max_width":0,"ocean_custom_logo_tablet_max_width":0,"ocean_custom_logo_mobile_max_width":0,"ocean_custom_logo_max_height":0,"ocean_custom_logo_tablet_max_height":0,"ocean_custom_logo_mobile_max_height":0,"ocean_header_custom_menu":"0","ocean_menu_typo_font_family":"0","ocean_menu_typo_font_subset":"","ocean_menu_typo_font_size":0,"ocean_menu_typo_font_size_tablet":0,"ocean_menu_typo_font_size_mobile":0,"ocean_menu_typo_font_size_unit":"px","ocean_menu_typo_font_weight":"","ocean_menu_typo_font_weight_tablet":"","ocean_menu_typo_font_weight_mobile":"","ocean_menu_typo_transform":"","ocean_menu_typo_transform_tablet":"","ocean_menu_typo_transform_mobile":"","ocean_menu_typo_line_height":0,"ocean_menu_typo_line_height_tablet":0,"ocean_menu_typo_line_height_mobile":0,"ocean_menu_typo_line_height_unit":"","ocean_menu_typo_spacing":0,"ocean_menu_typo_spacing_tablet":0,"ocean_menu_typo_spacing_mobile":0,"ocean_menu_typo_spacing_unit":"","ocean_menu_link_color":"","ocean_menu_link_color_hover":"","ocean_menu_link_color_active":"","ocean_menu_link_background":"","ocean_menu_link_hover_background":"","ocean_menu_link_active_background":"","ocean_menu_social_links_bg":"","ocean_menu_social_hover_links_bg":"","ocean_menu_social_links_color":"","ocean_menu_social_hover_links_color":"","ocean_disable_title":"default","ocean_disable_heading":"default","ocean_post_title":"","ocean_post_subheading":"","ocean_post_title_style":"","ocean_post_title_background_color":"","ocean_post_title_background":0,"ocean_post_title_bg_image_position":"","ocean_post_title_bg_image_attachment":"","ocean_post_title_bg_image_repeat":"","ocean_post_title_bg_image_size":"","ocean_post_title_height":0,"ocean_post_title_bg_overlay":0.5,"ocean_post_title_bg_overlay_color":"","ocean_disable_breadcrumbs":"default","ocean_breadcrumbs_color":"","ocean_breadcrumbs_separator_color":"","ocean_breadcrumbs_links_color":"","ocean_breadcrumbs_links_hover_color":"","ocean_display_footer_widgets":"default","ocean_display_footer_bottom":"default","ocean_custom_footer_template":"0"},"product_cat":[24],"product_tag":[32,27],"_links":{"self":[{"href":"https:\/\/fcmindustriescanada.com\/en\/wp-json\/wp\/v2\/product\/757"}],"collection":[{"href":"https:\/\/fcmindustriescanada.com\/en\/wp-json\/wp\/v2\/product"}],"about":[{"href":"https:\/\/fcmindustriescanada.com\/en\/wp-json\/wp\/v2\/types\/product"}],"replies":[{"embeddable":true,"href":"https:\/\/fcmindustriescanada.com\/en\/wp-json\/wp\/v2\/comments?post=757"}],"wp:featuredmedia":[{"embeddable":true,"href":"https:\/\/fcmindustriescanada.com\/en\/wp-json\/wp\/v2\/media\/884"}],"wp:attachment":[{"href":"https:\/\/fcmindustriescanada.com\/en\/wp-json\/wp\/v2\/media?parent=757"}],"wp:term":[{"taxonomy":"product_cat","embeddable":true,"href":"https:\/\/fcmindustriescanada.com\/en\/wp-json\/wp\/v2\/product_cat?post=757"},{"taxonomy":"product_tag","embeddable":true,"href":"https:\/\/fcmindustriescanada.com\/en\/wp-json\/wp\/v2\/product_tag?post=757"}],"curies":[{"name":"wp","href":"https:\/\/api.w.org\/{rel}","templated":true}]}}