{"id":770,"date":"2024-03-30T18:02:44","date_gmt":"2024-03-30T22:02:44","guid":{"rendered":"https:\/\/fcmindustriescanada.com\/?post_type=product&#038;p=770"},"modified":"2024-09-12T19:34:08","modified_gmt":"2024-09-12T23:34:08","slug":"broyeur-dechiqueteur","status":"publish","type":"product","link":"https:\/\/fcmindustriescanada.com\/en\/product\/broyeur-dechiqueteur\/","title":{"rendered":"CRUSHER-SHREDDER <span class=\"prodttlspan\">Mill shredder<\/span>"},"content":{"rendered":"<h3><strong>With over 40 years of expertise in its design and manufacture, the industrial shredder can recycle a variety of materials with its cutting tools and rubrics.<\/strong><\/h3>\n<h4><strong><span style=\"color: #ec3642;\">The base price varies according to needs and the final price depending on options chosen. For an estimate, please contact us.<\/span><\/strong><\/h4>\n<div class=\"row\">\n<div class=\"col-sm-8\">\n<div class=\"tab-content\">\n<div id=\"tab-description\" class=\"tab-pane active\">\n<div id=\"fiche_sommaire\">\n<p><strong>FEATURES<\/strong><\/p>\n<\/div>\n<div id=\"fiche_spec\">\n<ul>\n<li>Vertical or horizontal entry<\/li>\n<li>Easy maintenance<\/li>\n<li>Mounting as required<\/li>\n<li>Drain under the machine<\/li>\n<li>Renowned design<\/li>\n<li>Adapted cutting tools : hardened hammers or profiled knives<\/li>\n<li>Granulometry adapted in different sizes<\/li>\n<\/ul>\n<p>&nbsp;<\/p>\n<p><strong>SPECIFICATIONS<\/strong><\/p>\n<ul>\n<li>Material Input: 18 inches to 40 inches<\/li>\n<li>Industrial electric motor: 25 HP to 150 HP depending on model<\/li>\n<\/ul>\n<p>&nbsp;<\/p>\n<\/div>\n<\/div>\n<div id=\"tab-description\" class=\"tab-pane active\">\n<div id=\"fiche_spec\">\n<ul>\n<li>Brand: FCM<\/li>\n<li>Crusher\/Shredder\/Recycling<\/li>\n<li>Availability: Pre-Order<\/li>\n<\/ul>\n<\/div>\n<\/div>\n<\/div>\n<\/div>\n<\/div>\n<div>\n<p>&nbsp;<\/p>\n<p><span style=\"color: #ff0000;\"><strong>Additionnal shipping fees<\/strong><\/span><\/p>\n<\/div>\n<p><strong>See our\u00a0<span style=\"color: #ff0000;\"><a style=\"color: #ff0000;\" href=\"https:\/\/fcmindustriescanada.com\/en\/logistique-de-livraison-fcm\/\">FCM delivery logistics<\/a><\/span><\/strong><\/p>\n<div>\n<p><img decoding=\"async\" class=\"aligncenter size-large wp-image-871\" src=\"https:\/\/fcmindustriescanada.com\/wp-content\/uploads\/2024\/04\/Transport-livraison.jpg\" alt=\"\" width=\"100%\" height=\"auto\" srcset=\"https:\/\/fcmindustriescanada.com\/wp-content\/uploads\/2024\/04\/Transport-livraison.jpg 1024w, https:\/\/fcmindustriescanada.com\/wp-content\/uploads\/2024\/04\/Transport-livraison-600x304.jpg 600w, https:\/\/fcmindustriescanada.com\/wp-content\/uploads\/2024\/04\/Transport-livraison-768x389.jpg 768w, https:\/\/fcmindustriescanada.com\/wp-content\/uploads\/2024\/04\/Transport-livraison-18x9.jpg 18w\" sizes=\"(max-width: 1024px) 100vw, 1024px\" \/><\/p>\n<\/div>","protected":false},"excerpt":{"rendered":"<p>Fort de plus de 40 ans d\u2019expertise pour sa conception et sa fabrication, ce broyeur industriel peut recycler une multitude de mati\u00e8res gr\u00e2ce \u00e0 ses outils de coupe et ses grilles adapt\u00e9es.. Le prix de base varie selon les besoins et le prix final selon les options choisies. Pour un estim\u00e9, contactez-nous. CARACT\u00c9RISTIQUES Entr\u00e9e verticale [&hellip;]<\/p>","protected":false},"featured_media":850,"comment_status":"closed","ping_status":"closed","template":"","meta":{"ocean_post_layout":"full-width","ocean_both_sidebars_style":"","ocean_both_sidebars_content_width":0,"ocean_both_sidebars_sidebars_width":0,"ocean_sidebar":"0","ocean_second_sidebar":"0","ocean_disable_margins":"enable","ocean_add_body_class":"","ocean_shortcode_before_top_bar":"","ocean_shortcode_after_top_bar":"","ocean_shortcode_before_header":"","ocean_shortcode_after_header":"","ocean_has_shortcode":"","ocean_shortcode_after_title":"","ocean_shortcode_before_footer_widgets":"","ocean_shortcode_after_footer_widgets":"","ocean_shortcode_before_footer_bottom":"","ocean_shortcode_after_footer_bottom":"","ocean_display_top_bar":"default","ocean_display_header":"default","ocean_header_style":"","ocean_center_header_left_menu":"0","ocean_custom_header_template":"0","ocean_custom_logo":0,"ocean_custom_retina_logo":0,"ocean_custom_logo_max_width":0,"ocean_custom_logo_tablet_max_width":0,"ocean_custom_logo_mobile_max_width":0,"ocean_custom_logo_max_height":0,"ocean_custom_logo_tablet_max_height":0,"ocean_custom_logo_mobile_max_height":0,"ocean_header_custom_menu":"0","ocean_menu_typo_font_family":"0","ocean_menu_typo_font_subset":"","ocean_menu_typo_font_size":0,"ocean_menu_typo_font_size_tablet":0,"ocean_menu_typo_font_size_mobile":0,"ocean_menu_typo_font_size_unit":"px","ocean_menu_typo_font_weight":"","ocean_menu_typo_font_weight_tablet":"","ocean_menu_typo_font_weight_mobile":"","ocean_menu_typo_transform":"","ocean_menu_typo_transform_tablet":"","ocean_menu_typo_transform_mobile":"","ocean_menu_typo_line_height":0,"ocean_menu_typo_line_height_tablet":0,"ocean_menu_typo_line_height_mobile":0,"ocean_menu_typo_line_height_unit":"","ocean_menu_typo_spacing":0,"ocean_menu_typo_spacing_tablet":0,"ocean_menu_typo_spacing_mobile":0,"ocean_menu_typo_spacing_unit":"","ocean_menu_link_color":"","ocean_menu_link_color_hover":"","ocean_menu_link_color_active":"","ocean_menu_link_background":"","ocean_menu_link_hover_background":"","ocean_menu_link_active_background":"","ocean_menu_social_links_bg":"","ocean_menu_social_hover_links_bg":"","ocean_menu_social_links_color":"","ocean_menu_social_hover_links_color":"","ocean_disable_title":"default","ocean_disable_heading":"default","ocean_post_title":"","ocean_post_subheading":"","ocean_post_title_style":"","ocean_post_title_background_color":"","ocean_post_title_background":0,"ocean_post_title_bg_image_position":"","ocean_post_title_bg_image_attachment":"","ocean_post_title_bg_image_repeat":"","ocean_post_title_bg_image_size":"","ocean_post_title_height":0,"ocean_post_title_bg_overlay":0.5,"ocean_post_title_bg_overlay_color":"","ocean_disable_breadcrumbs":"default","ocean_breadcrumbs_color":"","ocean_breadcrumbs_separator_color":"","ocean_breadcrumbs_links_color":"","ocean_breadcrumbs_links_hover_color":"","ocean_display_footer_widgets":"default","ocean_display_footer_bottom":"default","ocean_custom_footer_template":"0"},"product_cat":[26],"product_tag":[39,40,38],"_links":{"self":[{"href":"https:\/\/fcmindustriescanada.com\/en\/wp-json\/wp\/v2\/product\/770"}],"collection":[{"href":"https:\/\/fcmindustriescanada.com\/en\/wp-json\/wp\/v2\/product"}],"about":[{"href":"https:\/\/fcmindustriescanada.com\/en\/wp-json\/wp\/v2\/types\/product"}],"replies":[{"embeddable":true,"href":"https:\/\/fcmindustriescanada.com\/en\/wp-json\/wp\/v2\/comments?post=770"}],"wp:featuredmedia":[{"embeddable":true,"href":"https:\/\/fcmindustriescanada.com\/en\/wp-json\/wp\/v2\/media\/850"}],"wp:attachment":[{"href":"https:\/\/fcmindustriescanada.com\/en\/wp-json\/wp\/v2\/media?parent=770"}],"wp:term":[{"taxonomy":"product_cat","embeddable":true,"href":"https:\/\/fcmindustriescanada.com\/en\/wp-json\/wp\/v2\/product_cat?post=770"},{"taxonomy":"product_tag","embeddable":true,"href":"https:\/\/fcmindustriescanada.com\/en\/wp-json\/wp\/v2\/product_tag?post=770"}],"curies":[{"name":"wp","href":"https:\/\/api.w.org\/{rel}","templated":true}]}}